{"id":3567,"date":"2015-04-29T11:14:57","date_gmt":"2015-04-29T11:14:57","guid":{"rendered":"http:\/\/www.spatallinn.ee\/ilu-ja-tervis-2\/"},"modified":"2024-03-12T17:41:46","modified_gmt":"2024-03-12T15:41:46","slug":"kauneushoitola-tallinnassa-day-spa-paketit-pedikyyri-manikyyri-kasvohoito-hieronta","status":"publish","type":"page","link":"https:\/\/www.spatallinn.ee\/fi\/kauneushoitola-tallinnassa-day-spa-paketit-pedikyyri-manikyyri-kasvohoito-hieronta\/","title":{"rendered":"Terveys ja kauneus"},"content":{"rendered":"","protected":false},"excerpt":{"rendered":"","protected":false},"author":2,"featured_media":828,"parent":0,"menu_order":0,"comment_status":"closed","ping_status":"closed","template":"","meta":{"_acf_changed":false,"footnotes":""},"class_list":["post-3567","page","type-page","status-publish","has-post-thumbnail","hentry"],"acf":[],"yoast_head":"<!-- This site is optimized with the Yoast SEO plugin v25.0 - https:\/\/yoast.com\/wordpress\/plugins\/seo\/ -->\n<title>kauneushoitola tallinnassa | Tallinn Viimsi SPA<\/title>\n<meta name=\"description\" content=\"Viimsi SPA:n terveys- ja kauneuskeskuksessa on valikoimassa on erilaisia hoitoja: pedikyyri, manikyyri, kasvohoidot, hieronnat sek\u00e4 vartalohoidot. Voit varata hoidon online-varausj\u00e4rjestelm\u00e4n kautta!\" \/>\n<meta name=\"robots\" content=\"index, follow, max-snippet:-1, max-image-preview:large, max-video-preview:-1\" \/>\n<link rel=\"canonical\" href=\"https:\/\/www.spatallinn.ee\/fi\/kauneushoitola-tallinnassa-day-spa-paketit-pedikyyri-manikyyri-kasvohoito-hieronta\/\" \/>\n<meta property=\"og:locale\" content=\"fi_FI\" \/>\n<meta property=\"og:type\" content=\"article\" \/>\n<meta property=\"og:title\" content=\"kauneushoitola tallinnassa | Tallinn Viimsi SPA\" \/>\n<meta property=\"og:description\" content=\"Viimsi SPA:n terveys- ja kauneuskeskuksessa on valikoimassa on erilaisia hoitoja: pedikyyri, manikyyri, kasvohoidot, hieronnat sek\u00e4 vartalohoidot. Voit varata hoidon online-varausj\u00e4rjestelm\u00e4n kautta!\" \/>\n<meta property=\"og:url\" content=\"https:\/\/www.spatallinn.ee\/fi\/kauneushoitola-tallinnassa-day-spa-paketit-pedikyyri-manikyyri-kasvohoito-hieronta\/\" \/>\n<meta property=\"og:site_name\" content=\"Tallinn Viimsi SPA Hotelli\" \/>\n<meta property=\"article:modified_time\" content=\"2024-03-12T15:41:46+00:00\" \/>\n<meta property=\"og:image\" content=\"https:\/\/www.spatallinn.ee\/wp-content\/uploads\/2015\/05\/Viimsi-SPA-ilukeskus-5.jpg\" \/>\n\t<meta property=\"og:image:width\" content=\"1920\" \/>\n\t<meta property=\"og:image:height\" content=\"1080\" \/>\n\t<meta property=\"og:image:type\" content=\"image\/jpeg\" \/>\n<meta name=\"twitter:card\" content=\"summary_large_image\" \/>\n<script type=\"application\/ld+json\" class=\"yoast-schema-graph\">{\"@context\":\"https:\/\/schema.org\",\"@graph\":[{\"@type\":\"WebPage\",\"@id\":\"https:\/\/www.spatallinn.ee\/fi\/kauneushoitola-tallinnassa-day-spa-paketit-pedikyyri-manikyyri-kasvohoito-hieronta\/\",\"url\":\"https:\/\/www.spatallinn.ee\/fi\/kauneushoitola-tallinnassa-day-spa-paketit-pedikyyri-manikyyri-kasvohoito-hieronta\/\",\"name\":\"kauneushoitola tallinnassa | Tallinn Viimsi SPA\",\"isPartOf\":{\"@id\":\"https:\/\/www.spatallinn.ee\/ru\/#website\"},\"primaryImageOfPage\":{\"@id\":\"https:\/\/www.spatallinn.ee\/fi\/kauneushoitola-tallinnassa-day-spa-paketit-pedikyyri-manikyyri-kasvohoito-hieronta\/#primaryimage\"},\"image\":{\"@id\":\"https:\/\/www.spatallinn.ee\/fi\/kauneushoitola-tallinnassa-day-spa-paketit-pedikyyri-manikyyri-kasvohoito-hieronta\/#primaryimage\"},\"thumbnailUrl\":\"https:\/\/www.spatallinn.ee\/wp-content\/uploads\/2015\/05\/Viimsi-SPA-ilukeskus-5.jpg\",\"datePublished\":\"2015-04-29T11:14:57+00:00\",\"dateModified\":\"2024-03-12T15:41:46+00:00\",\"description\":\"Viimsi SPA:n terveys- ja kauneuskeskuksessa on valikoimassa on erilaisia hoitoja: pedikyyri, manikyyri, kasvohoidot, hieronnat sek\u00e4 vartalohoidot. Voit varata hoidon online-varausj\u00e4rjestelm\u00e4n kautta!\",\"breadcrumb\":{\"@id\":\"https:\/\/www.spatallinn.ee\/fi\/kauneushoitola-tallinnassa-day-spa-paketit-pedikyyri-manikyyri-kasvohoito-hieronta\/#breadcrumb\"},\"inLanguage\":\"fi\",\"potentialAction\":[{\"@type\":\"ReadAction\",\"target\":[\"https:\/\/www.spatallinn.ee\/fi\/kauneushoitola-tallinnassa-day-spa-paketit-pedikyyri-manikyyri-kasvohoito-hieronta\/\"]}]},{\"@type\":\"ImageObject\",\"inLanguage\":\"fi\",\"@id\":\"https:\/\/www.spatallinn.ee\/fi\/kauneushoitola-tallinnassa-day-spa-paketit-pedikyyri-manikyyri-kasvohoito-hieronta\/#primaryimage\",\"url\":\"https:\/\/www.spatallinn.ee\/wp-content\/uploads\/2015\/05\/Viimsi-SPA-ilukeskus-5.jpg\",\"contentUrl\":\"https:\/\/www.spatallinn.ee\/wp-content\/uploads\/2015\/05\/Viimsi-SPA-ilukeskus-5.jpg\",\"width\":1920,\"height\":1080},{\"@type\":\"BreadcrumbList\",\"@id\":\"https:\/\/www.spatallinn.ee\/fi\/kauneushoitola-tallinnassa-day-spa-paketit-pedikyyri-manikyyri-kasvohoito-hieronta\/#breadcrumb\",\"itemListElement\":[{\"@type\":\"ListItem\",\"position\":1,\"name\":\"Home\",\"item\":\"https:\/\/www.spatallinn.ee\/fi\/\"},{\"@type\":\"ListItem\",\"position\":2,\"name\":\"Terveys ja kauneus\"}]},{\"@type\":\"WebSite\",\"@id\":\"https:\/\/www.spatallinn.ee\/ru\/#website\",\"url\":\"https:\/\/www.spatallinn.ee\/ru\/\",\"name\":\"Tallinn Viimsi SPA Hotelli\",\"description\":\"\",\"potentialAction\":[{\"@type\":\"SearchAction\",\"target\":{\"@type\":\"EntryPoint\",\"urlTemplate\":\"https:\/\/www.spatallinn.ee\/ru\/?s={search_term_string}\"},\"query-input\":{\"@type\":\"PropertyValueSpecification\",\"valueRequired\":true,\"valueName\":\"search_term_string\"}}],\"inLanguage\":\"fi\"}]}<\/script>\n<!-- \/ Yoast SEO plugin. -->","yoast_head_json":{"title":"kauneushoitola tallinnassa | Tallinn Viimsi SPA","description":"Viimsi SPA:n terveys- ja kauneuskeskuksessa on valikoimassa on erilaisia hoitoja: pedikyyri, manikyyri, kasvohoidot, hieronnat sek\u00e4 vartalohoidot. Voit varata hoidon online-varausj\u00e4rjestelm\u00e4n kautta!","robots":{"index":"index","follow":"follow","max-snippet":"max-snippet:-1","max-image-preview":"max-image-preview:large","max-video-preview":"max-video-preview:-1"},"canonical":"https:\/\/www.spatallinn.ee\/fi\/kauneushoitola-tallinnassa-day-spa-paketit-pedikyyri-manikyyri-kasvohoito-hieronta\/","og_locale":"fi_FI","og_type":"article","og_title":"kauneushoitola tallinnassa | Tallinn Viimsi SPA","og_description":"Viimsi SPA:n terveys- ja kauneuskeskuksessa on valikoimassa on erilaisia hoitoja: pedikyyri, manikyyri, kasvohoidot, hieronnat sek\u00e4 vartalohoidot. Voit varata hoidon online-varausj\u00e4rjestelm\u00e4n kautta!","og_url":"https:\/\/www.spatallinn.ee\/fi\/kauneushoitola-tallinnassa-day-spa-paketit-pedikyyri-manikyyri-kasvohoito-hieronta\/","og_site_name":"Tallinn Viimsi SPA Hotelli","article_modified_time":"2024-03-12T15:41:46+00:00","og_image":[{"width":1920,"height":1080,"url":"https:\/\/www.spatallinn.ee\/wp-content\/uploads\/2015\/05\/Viimsi-SPA-ilukeskus-5.jpg","type":"image\/jpeg"}],"twitter_card":"summary_large_image","schema":{"@context":"https:\/\/schema.org","@graph":[{"@type":"WebPage","@id":"https:\/\/www.spatallinn.ee\/fi\/kauneushoitola-tallinnassa-day-spa-paketit-pedikyyri-manikyyri-kasvohoito-hieronta\/","url":"https:\/\/www.spatallinn.ee\/fi\/kauneushoitola-tallinnassa-day-spa-paketit-pedikyyri-manikyyri-kasvohoito-hieronta\/","name":"kauneushoitola tallinnassa | Tallinn Viimsi SPA","isPartOf":{"@id":"https:\/\/www.spatallinn.ee\/ru\/#website"},"primaryImageOfPage":{"@id":"https:\/\/www.spatallinn.ee\/fi\/kauneushoitola-tallinnassa-day-spa-paketit-pedikyyri-manikyyri-kasvohoito-hieronta\/#primaryimage"},"image":{"@id":"https:\/\/www.spatallinn.ee\/fi\/kauneushoitola-tallinnassa-day-spa-paketit-pedikyyri-manikyyri-kasvohoito-hieronta\/#primaryimage"},"thumbnailUrl":"https:\/\/www.spatallinn.ee\/wp-content\/uploads\/2015\/05\/Viimsi-SPA-ilukeskus-5.jpg","datePublished":"2015-04-29T11:14:57+00:00","dateModified":"2024-03-12T15:41:46+00:00","description":"Viimsi SPA:n terveys- ja kauneuskeskuksessa on valikoimassa on erilaisia hoitoja: pedikyyri, manikyyri, kasvohoidot, hieronnat sek\u00e4 vartalohoidot. Voit varata hoidon online-varausj\u00e4rjestelm\u00e4n kautta!","breadcrumb":{"@id":"https:\/\/www.spatallinn.ee\/fi\/kauneushoitola-tallinnassa-day-spa-paketit-pedikyyri-manikyyri-kasvohoito-hieronta\/#breadcrumb"},"inLanguage":"fi","potentialAction":[{"@type":"ReadAction","target":["https:\/\/www.spatallinn.ee\/fi\/kauneushoitola-tallinnassa-day-spa-paketit-pedikyyri-manikyyri-kasvohoito-hieronta\/"]}]},{"@type":"ImageObject","inLanguage":"fi","@id":"https:\/\/www.spatallinn.ee\/fi\/kauneushoitola-tallinnassa-day-spa-paketit-pedikyyri-manikyyri-kasvohoito-hieronta\/#primaryimage","url":"https:\/\/www.spatallinn.ee\/wp-content\/uploads\/2015\/05\/Viimsi-SPA-ilukeskus-5.jpg","contentUrl":"https:\/\/www.spatallinn.ee\/wp-content\/uploads\/2015\/05\/Viimsi-SPA-ilukeskus-5.jpg","width":1920,"height":1080},{"@type":"BreadcrumbList","@id":"https:\/\/www.spatallinn.ee\/fi\/kauneushoitola-tallinnassa-day-spa-paketit-pedikyyri-manikyyri-kasvohoito-hieronta\/#breadcrumb","itemListElement":[{"@type":"ListItem","position":1,"name":"Home","item":"https:\/\/www.spatallinn.ee\/fi\/"},{"@type":"ListItem","position":2,"name":"Terveys ja kauneus"}]},{"@type":"WebSite","@id":"https:\/\/www.spatallinn.ee\/ru\/#website","url":"https:\/\/www.spatallinn.ee\/ru\/","name":"Tallinn Viimsi SPA Hotelli","description":"","potentialAction":[{"@type":"SearchAction","target":{"@type":"EntryPoint","urlTemplate":"https:\/\/www.spatallinn.ee\/ru\/?s={search_term_string}"},"query-input":{"@type":"PropertyValueSpecification","valueRequired":true,"valueName":"search_term_string"}}],"inLanguage":"fi"}]}},"_links":{"self":[{"href":"https:\/\/www.spatallinn.ee\/fi\/wp-json\/wp\/v2\/pages\/3567","targetHints":{"allow":["GET"]}}],"collection":[{"href":"https:\/\/www.spatallinn.ee\/fi\/wp-json\/wp\/v2\/pages"}],"about":[{"href":"https:\/\/www.spatallinn.ee\/fi\/wp-json\/wp\/v2\/types\/page"}],"author":[{"embeddable":true,"href":"https:\/\/www.spatallinn.ee\/fi\/wp-json\/wp\/v2\/users\/2"}],"replies":[{"embeddable":true,"href":"https:\/\/www.spatallinn.ee\/fi\/wp-json\/wp\/v2\/comments?post=3567"}],"version-history":[{"count":10,"href":"https:\/\/www.spatallinn.ee\/fi\/wp-json\/wp\/v2\/pages\/3567\/revisions"}],"predecessor-version":[{"id":67783,"href":"https:\/\/www.spatallinn.ee\/fi\/wp-json\/wp\/v2\/pages\/3567\/revisions\/67783"}],"wp:featuredmedia":[{"embeddable":true,"href":"https:\/\/www.spatallinn.ee\/fi\/wp-json\/wp\/v2\/media\/828"}],"wp:attachment":[{"href":"https:\/\/www.spatallinn.ee\/fi\/wp-json\/wp\/v2\/media?parent=3567"}],"curies":[{"name":"wp","href":"https:\/\/api.w.org\/{rel}","templated":true}]}}