{"id":66175,"date":"2023-05-15T12:30:35","date_gmt":"2023-05-15T09:30:35","guid":{"rendered":"https:\/\/www.spatallinn.ee\/?page_id=66175"},"modified":"2025-03-18T14:48:57","modified_gmt":"2025-03-18T12:48:57","slug":"viimsi-spa-hotellin-saannot-ja-maaraykset","status":"publish","type":"page","link":"https:\/\/www.spatallinn.ee\/fi\/viimsi-spa-hotellin-saannot-ja-maaraykset\/","title":{"rendered":"Viimsi SPA -hotellin s\u00e4\u00e4nn\u00f6t ja m\u00e4\u00e4r\u00e4ykset"},"content":{"rendered":"","protected":false},"excerpt":{"rendered":"","protected":false},"author":6,"featured_media":0,"parent":0,"menu_order":0,"comment_status":"closed","ping_status":"closed","template":"","meta":{"_acf_changed":false,"footnotes":""},"class_list":["post-66175","page","type-page","status-publish","hentry"],"acf":[],"yoast_head":"<!-- This site is optimized with the Yoast SEO plugin v25.0 - https:\/\/yoast.com\/wordpress\/plugins\/seo\/ -->\n<title>Viimsi SPA -hotellin s\u00e4\u00e4nn\u00f6t ja m\u00e4\u00e4r\u00e4ykset | Tallinn Viimsi SPA Hotelli<\/title>\n<meta name=\"robots\" content=\"index, follow, max-snippet:-1, max-image-preview:large, max-video-preview:-1\" \/>\n<link rel=\"canonical\" href=\"https:\/\/www.spatallinn.ee\/fi\/viimsi-spa-hotellin-saannot-ja-maaraykset\/\" \/>\n<meta property=\"og:locale\" content=\"fi_FI\" \/>\n<meta property=\"og:type\" content=\"article\" \/>\n<meta property=\"og:title\" content=\"Viimsi SPA -hotellin s\u00e4\u00e4nn\u00f6t ja m\u00e4\u00e4r\u00e4ykset | Tallinn Viimsi SPA Hotelli\" \/>\n<meta property=\"og:url\" content=\"https:\/\/www.spatallinn.ee\/fi\/viimsi-spa-hotellin-saannot-ja-maaraykset\/\" \/>\n<meta property=\"og:site_name\" content=\"Tallinn Viimsi SPA Hotelli\" \/>\n<meta property=\"article:modified_time\" content=\"2025-03-18T12:48:57+00:00\" \/>\n<meta name=\"twitter:card\" content=\"summary_large_image\" \/>\n<meta name=\"twitter:label1\" content=\"Arvioitu lukuaika\" \/>\n\t<meta name=\"twitter:data1\" content=\"5 minutes\" \/>\n<script type=\"application\/ld+json\" class=\"yoast-schema-graph\">{\"@context\":\"https:\/\/schema.org\",\"@graph\":[{\"@type\":\"WebPage\",\"@id\":\"https:\/\/www.spatallinn.ee\/fi\/viimsi-spa-hotellin-saannot-ja-maaraykset\/\",\"url\":\"https:\/\/www.spatallinn.ee\/fi\/viimsi-spa-hotellin-saannot-ja-maaraykset\/\",\"name\":\"Viimsi SPA -hotellin s\u00e4\u00e4nn\u00f6t ja m\u00e4\u00e4r\u00e4ykset | Tallinn Viimsi SPA Hotelli\",\"isPartOf\":{\"@id\":\"https:\/\/www.spatallinn.ee\/ru\/#website\"},\"datePublished\":\"2023-05-15T09:30:35+00:00\",\"dateModified\":\"2025-03-18T12:48:57+00:00\",\"breadcrumb\":{\"@id\":\"https:\/\/www.spatallinn.ee\/fi\/viimsi-spa-hotellin-saannot-ja-maaraykset\/#breadcrumb\"},\"inLanguage\":\"fi\",\"potentialAction\":[{\"@type\":\"ReadAction\",\"target\":[\"https:\/\/www.spatallinn.ee\/fi\/viimsi-spa-hotellin-saannot-ja-maaraykset\/\"]}]},{\"@type\":\"BreadcrumbList\",\"@id\":\"https:\/\/www.spatallinn.ee\/fi\/viimsi-spa-hotellin-saannot-ja-maaraykset\/#breadcrumb\",\"itemListElement\":[{\"@type\":\"ListItem\",\"position\":1,\"name\":\"Home\",\"item\":\"https:\/\/www.spatallinn.ee\/fi\/\"},{\"@type\":\"ListItem\",\"position\":2,\"name\":\"Viimsi SPA -hotellin s\u00e4\u00e4nn\u00f6t ja m\u00e4\u00e4r\u00e4ykset\"}]},{\"@type\":\"WebSite\",\"@id\":\"https:\/\/www.spatallinn.ee\/ru\/#website\",\"url\":\"https:\/\/www.spatallinn.ee\/ru\/\",\"name\":\"Tallinn Viimsi SPA Hotelli\",\"description\":\"\",\"potentialAction\":[{\"@type\":\"SearchAction\",\"target\":{\"@type\":\"EntryPoint\",\"urlTemplate\":\"https:\/\/www.spatallinn.ee\/ru\/?s={search_term_string}\"},\"query-input\":{\"@type\":\"PropertyValueSpecification\",\"valueRequired\":true,\"valueName\":\"search_term_string\"}}],\"inLanguage\":\"fi\"}]}<\/script>\n<!-- \/ Yoast SEO plugin. -->","yoast_head_json":{"title":"Viimsi SPA -hotellin s\u00e4\u00e4nn\u00f6t ja m\u00e4\u00e4r\u00e4ykset | Tallinn Viimsi SPA Hotelli","robots":{"index":"index","follow":"follow","max-snippet":"max-snippet:-1","max-image-preview":"max-image-preview:large","max-video-preview":"max-video-preview:-1"},"canonical":"https:\/\/www.spatallinn.ee\/fi\/viimsi-spa-hotellin-saannot-ja-maaraykset\/","og_locale":"fi_FI","og_type":"article","og_title":"Viimsi SPA -hotellin s\u00e4\u00e4nn\u00f6t ja m\u00e4\u00e4r\u00e4ykset | Tallinn Viimsi SPA Hotelli","og_url":"https:\/\/www.spatallinn.ee\/fi\/viimsi-spa-hotellin-saannot-ja-maaraykset\/","og_site_name":"Tallinn Viimsi SPA Hotelli","article_modified_time":"2025-03-18T12:48:57+00:00","twitter_card":"summary_large_image","twitter_misc":{"Arvioitu lukuaika":"5 minutes"},"schema":{"@context":"https:\/\/schema.org","@graph":[{"@type":"WebPage","@id":"https:\/\/www.spatallinn.ee\/fi\/viimsi-spa-hotellin-saannot-ja-maaraykset\/","url":"https:\/\/www.spatallinn.ee\/fi\/viimsi-spa-hotellin-saannot-ja-maaraykset\/","name":"Viimsi SPA -hotellin s\u00e4\u00e4nn\u00f6t ja m\u00e4\u00e4r\u00e4ykset | Tallinn Viimsi SPA Hotelli","isPartOf":{"@id":"https:\/\/www.spatallinn.ee\/ru\/#website"},"datePublished":"2023-05-15T09:30:35+00:00","dateModified":"2025-03-18T12:48:57+00:00","breadcrumb":{"@id":"https:\/\/www.spatallinn.ee\/fi\/viimsi-spa-hotellin-saannot-ja-maaraykset\/#breadcrumb"},"inLanguage":"fi","potentialAction":[{"@type":"ReadAction","target":["https:\/\/www.spatallinn.ee\/fi\/viimsi-spa-hotellin-saannot-ja-maaraykset\/"]}]},{"@type":"BreadcrumbList","@id":"https:\/\/www.spatallinn.ee\/fi\/viimsi-spa-hotellin-saannot-ja-maaraykset\/#breadcrumb","itemListElement":[{"@type":"ListItem","position":1,"name":"Home","item":"https:\/\/www.spatallinn.ee\/fi\/"},{"@type":"ListItem","position":2,"name":"Viimsi SPA -hotellin s\u00e4\u00e4nn\u00f6t ja m\u00e4\u00e4r\u00e4ykset"}]},{"@type":"WebSite","@id":"https:\/\/www.spatallinn.ee\/ru\/#website","url":"https:\/\/www.spatallinn.ee\/ru\/","name":"Tallinn Viimsi SPA Hotelli","description":"","potentialAction":[{"@type":"SearchAction","target":{"@type":"EntryPoint","urlTemplate":"https:\/\/www.spatallinn.ee\/ru\/?s={search_term_string}"},"query-input":{"@type":"PropertyValueSpecification","valueRequired":true,"valueName":"search_term_string"}}],"inLanguage":"fi"}]}},"_links":{"self":[{"href":"https:\/\/www.spatallinn.ee\/fi\/wp-json\/wp\/v2\/pages\/66175","targetHints":{"allow":["GET"]}}],"collection":[{"href":"https:\/\/www.spatallinn.ee\/fi\/wp-json\/wp\/v2\/pages"}],"about":[{"href":"https:\/\/www.spatallinn.ee\/fi\/wp-json\/wp\/v2\/types\/page"}],"author":[{"embeddable":true,"href":"https:\/\/www.spatallinn.ee\/fi\/wp-json\/wp\/v2\/users\/6"}],"replies":[{"embeddable":true,"href":"https:\/\/www.spatallinn.ee\/fi\/wp-json\/wp\/v2\/comments?post=66175"}],"version-history":[{"count":2,"href":"https:\/\/www.spatallinn.ee\/fi\/wp-json\/wp\/v2\/pages\/66175\/revisions"}],"predecessor-version":[{"id":69979,"href":"https:\/\/www.spatallinn.ee\/fi\/wp-json\/wp\/v2\/pages\/66175\/revisions\/69979"}],"wp:attachment":[{"href":"https:\/\/www.spatallinn.ee\/fi\/wp-json\/wp\/v2\/media?parent=66175"}],"curies":[{"name":"wp","href":"https:\/\/api.w.org\/{rel}","templated":true}]}}